{"id":27,"date":"2022-08-13T14:37:59","date_gmt":"2022-08-13T14:37:59","guid":{"rendered":"https:\/\/versicherungsfeld.de\/?page_id=27"},"modified":"2022-08-26T20:35:05","modified_gmt":"2022-08-26T20:35:05","slug":"servicezentrum-gelm","status":"publish","type":"page","link":"https:\/\/versicherungsfeld.de\/","title":{"rendered":"Servicezentrum GELM"},"content":{"rendered":"\n<p><a href=\"https:\/\/versicherungsfeld.de\/wp-admin\/edit.php?post_type=page\"><\/a><\/p>\n\n\n\n<figure class=\"wp-block-video\"><video autoplay muted src=\"https:\/\/versicherungsfeld.de\/wp-content\/uploads\/2022\/08\/v4b_juri_gelm_a_0287_21.mp4\"><\/video><figcaption>Unser Versicherungsb\u00fcro bietet Versicherungsvertr\u00e4ge aller Art von verschiedenen Versicherungsunternehmen an. Wir finden die g\u00fcnstigsten Versicherungsvertr\u00e4ge f\u00fcr Sie und gew\u00e4hren Ihnen bei Eintritt eines Versicherungsfalls weitere Betreung und praktische Unterst\u00fctzung.<\/figcaption><\/figure>\n\n\n\n<p class=\"has-text-align-center\">Die Web-Seite ist vorgesehen f\u00fcr interne Gebrauch, und auch f\u00fcr unsere Bestandskunden! Melden Sie sich bitte an, oder Lassen Sie sich <a href=\"https:\/\/versicherungsfeld.de\/wp-login.php?action=register\">registrieren<\/a>.<br><\/p>\n","protected":false},"excerpt":{"rendered":"<p>Die Web-Seite ist vorgesehen f\u00fcr interne Gebrauch, und auch f\u00fcr unsere Bestandskunden! Melden Sie sich bitte an, oder Lassen Sie sich registrieren.<\/p>\n","protected":false},"author":1,"featured_media":12,"parent":0,"menu_order":0,"comment_status":"closed","ping_status":"closed","template":"","meta":{"footnotes":""},"class_list":["post-27","page","type-page","status-publish","has-post-thumbnail","hentry"],"blocksy_meta":{"styles_descriptor":{"styles":{"desktop":"","tablet":"","mobile":""},"google_fonts":[],"version":6},"page_title_panel":"","has_hero_section":"default","dd5faa0f7c6a5edc9c253f2b2359f585":"","hero_section":"type-1","hero_elements":[{"id":"custom_title","enabled":true,"heading_tag":"h1","title":"Startseite"},{"id":"custom_description","enabled":true,"description_visibility":{"desktop":true,"tablet":true,"mobile":false}},{"id":"custom_meta","enabled":false,"meta_elements":[{"id":"author","enabled":true,"label":"Von","has_author_avatar":"yes","avatar_size":25},{"id":"post_date","enabled":true,"label":"Am","date_format_source":"default","date_format":"M j, Y"},{"id":"updated_date","enabled":false,"label":"Am","date_format_source":"default","date_format":"M j, Y"},{"id":"categories","enabled":false,"label":"In","style":"simple"},{"id":"comments","enabled":true}],"page_meta_elements":{"joined":true,"articles_count":true,"comments":true}},{"id":"breadcrumbs","enabled":false}],"c119474d570727861aa09d417d8166ff":"","hero_alignment1":"CT_CSS_SKIP_RULE","hero_margin":40,"hero_alignment2":"center","hero_vertical_alignment":"center","fb73b9d24f335954aa7ad2aae66ef940":"","hero_structure":"narrow","16128551266501a6e48002fae38aa5b8":"","page_title_bg_type":"featured_image","custom_hero_background":{"attachment_id":null},"page_title_image_size":"full","parallax":{"desktop":false,"tablet":false,"mobile":false},"511cf95f2a2b84820d2d546c61071f1e":"","hero_height":"250px","pageTitleFont":{"family":"Default","variation":"Default","size":"30px","line-height":"CT_CSS_SKIP_RULE","letter-spacing":"CT_CSS_SKIP_RULE","text-transform":"CT_CSS_SKIP_RULE","text-decoration":"CT_CSS_SKIP_RULE"},"pageTitleFontColor":{"default":{"color":"CT_CSS_SKIP_RULEDEFAULT"}},"pageMetaFont":{"family":"Default","variation":"n6","size":"12px","line-height":"1.3","letter-spacing":"CT_CSS_SKIP_RULE","text-transform":"uppercase","text-decoration":"CT_CSS_SKIP_RULE"},"pageMetaFontColor":{"default":{"color":"CT_CSS_SKIP_RULEDEFAULT"},"hover":{"color":"CT_CSS_SKIP_RULEDEFAULT"}},"page_meta_button_type_font_colors":{"default":{"color":"CT_CSS_SKIP_RULEDEFAULT"},"hover":{"color":"CT_CSS_SKIP_RULEDEFAULT"}},"page_meta_button_type_background_colors":{"default":{"color":"CT_CSS_SKIP_RULEDEFAULT"},"hover":{"color":"CT_CSS_SKIP_RULEDEFAULT"}},"pageExcerptFont":{"family":"Default","variation":"Default","size":"CT_CSS_SKIP_RULE","line-height":"CT_CSS_SKIP_RULE","letter-spacing":"CT_CSS_SKIP_RULE","text-transform":"CT_CSS_SKIP_RULE","text-decoration":"CT_CSS_SKIP_RULE"},"pageExcerptColor":{"default":{"color":"CT_CSS_SKIP_RULEDEFAULT"}},"breadcrumbsFont":{"family":"Default","variation":"Default","size":"CT_CSS_SKIP_RULE","line-height":"CT_CSS_SKIP_RULE","letter-spacing":"CT_CSS_SKIP_RULE","text-transform":"CT_CSS_SKIP_RULE","text-decoration":"CT_CSS_SKIP_RULE"},"breadcrumbsFontColor":{"default":{"color":"CT_CSS_SKIP_RULEDEFAULT"},"initial":{"color":"CT_CSS_SKIP_RULEDEFAULT"},"hover":{"color":"CT_CSS_SKIP_RULEDEFAULT"}},"pageTitleOverlay":{"background_type":"color","background_pattern":"type-1","background_image":{"attachment_id":null,"x":0,"y":0},"gradient":"linear-gradient(135deg,rgba(6,147,227,1) 0%,rgb(155,81,224) 100%)","background_repeat":"repeat","background_size":"auto","background_attachment":"scroll","patternColor":{"default":{"color":"#e5e7ea"}},"overlayColor":{"default":{"color":"CT_CSS_SKIP_RULE"}},"backgroundColor":{"default":{"color":"CT_CSS_SKIP_RULE"}}},"pageTitleBackground":{"background_type":"color","background_pattern":"type-1","background_image":{"attachment_id":null,"x":0,"y":0},"gradient":"linear-gradient(135deg,rgba(6,147,227,1) 0%,rgb(155,81,224) 100%)","background_repeat":"repeat","background_size":"auto","background_attachment":"scroll","patternColor":{"default":{"color":"#e5e7ea"}},"overlayColor":{"default":{"color":"CT_CSS_SKIP_RULE"}},"backgroundColor":{"default":{"color":"var(--theme-palette-color-6)"}}},"pageTitlePadding":{"top":"50px","bottom":"50px","left":"auto","right":"auto","linked":true},"a490a7540aa5f20356e21693f00eb60c":"","page_structure_type":"type-1","08158a46be610774afb90b758922ddd5":"","content_style_source":"inherit","content_style":{"0":"w","1":"i","2":"d","3":"e","desktop":"wide","tablet":"wide","mobile":"wide","__changed":[]},"vertical_spacing_source":"inherit","content_area_spacing":"none","background":{"background_type":"color","background_pattern":"type-1","background_image":{"attachment_id":null,"x":0,"y":0},"gradient":"linear-gradient(135deg,rgba(6,147,227,1) 0%,rgb(155,81,224) 100%)","background_repeat":"repeat","background_size":"auto","background_attachment":"scroll","patternColor":{"default":{"color":"#e5e7ea"}},"overlayColor":{"default":{"color":"CT_CSS_SKIP_RULE"}},"backgroundColor":{"default":{"color":"CT_CSS_SKIP_RULE"}}},"content_background":{"background_type":"color","background_pattern":"type-1","background_image":{"attachment_id":null,"x":0,"y":0},"gradient":"linear-gradient(135deg,rgba(6,147,227,1) 0%,rgb(155,81,224) 100%)","background_repeat":"repeat","background_size":"auto","background_attachment":"scroll","patternColor":{"default":{"color":"#e5e7ea"}},"overlayColor":{"default":{"color":"CT_CSS_SKIP_RULE"}},"backgroundColor":{"default":{"color":"var(--theme-palette-color-8)"}}},"content_boxed_shadow":{"inherit":false,"blur":18,"spread":-6,"v_offset":12,"h_offset":0,"inset":false,"enable":true,"color":{"color":"rgba(34, 56, 101, 0.04)"}},"content_boxed_border":{"width":1,"style":"none","color":{"color":"rgba(44,62,80,0.2)"}},"content_boxed_radius":{"top":"3px","bottom":"3px","left":"3px","right":"3px","linked":true},"boxed_content_spacing":{"desktop":{"top":"40px","bottom":"40px","left":"40px","right":"40px","linked":true},"tablet":{"top":"35px","bottom":"35px","left":"35px","right":"35px","linked":true},"mobile":{"top":"20px","bottom":"20px","left":"20px","right":"20px","linked":true}},"c28a2650ed5e70fe3ace29df30e03aab":"","disable_featured_image":"no","disable_share_box":"no","disable_header":"no","disable_footer":"no","3395a99461542d71adb0db9e8254bb35":"","2dd9cae31ea562ee8316826124d7e69d":"","53da83b927a4c4b245662b92df9a57e9":"","a878015d5d186f991a6d26b977c007c9":"","c94104b341f8d6280556142b4655234a":"","460f884fc1d138a153d47dea730c8211":"","88dc08da815084d427faeea7d9c2e8e5":"","c93690fd0a99de2f8e4222b32f98f42d":"","0866387dc8f81c1ae676d356bce9fb92":"","f98942296391264971d83d1dd8842059":"","c0b57cd5d032c1bce3cbf5cb874ecb54":"","9751170e4c7990ac433dbd26c8c94677":"","4844792a8651babe4071177102b15a37":"","204fb7541b8e4d29e108ae087e00b6f7":"","ace5ffda24e7edf3f135e7a8c07f1e3f":"","f6b17249281cccd7b80c0a98db2ce3eb":""},"_links":{"self":[{"href":"https:\/\/versicherungsfeld.de\/index.php?rest_route=\/wp\/v2\/pages\/27"}],"collection":[{"href":"https:\/\/versicherungsfeld.de\/index.php?rest_route=\/wp\/v2\/pages"}],"about":[{"href":"https:\/\/versicherungsfeld.de\/index.php?rest_route=\/wp\/v2\/types\/page"}],"author":[{"embeddable":true,"href":"https:\/\/versicherungsfeld.de\/index.php?rest_route=\/wp\/v2\/users\/1"}],"replies":[{"embeddable":true,"href":"https:\/\/versicherungsfeld.de\/index.php?rest_route=%2Fwp%2Fv2%2Fcomments&post=27"}],"version-history":[{"count":32,"href":"https:\/\/versicherungsfeld.de\/index.php?rest_route=\/wp\/v2\/pages\/27\/revisions"}],"predecessor-version":[{"id":715,"href":"https:\/\/versicherungsfeld.de\/index.php?rest_route=\/wp\/v2\/pages\/27\/revisions\/715"}],"wp:featuredmedia":[{"embeddable":true,"href":"https:\/\/versicherungsfeld.de\/index.php?rest_route=\/wp\/v2\/media\/12"}],"wp:attachment":[{"href":"https:\/\/versicherungsfeld.de\/index.php?rest_route=%2Fwp%2Fv2%2Fmedia&parent=27"}],"curies":[{"name":"wp","href":"https:\/\/api.w.org\/{rel}","templated":true}]}}