{"id":746,"date":"2023-07-24T14:37:47","date_gmt":"2023-07-24T14:37:47","guid":{"rendered":"https:\/\/versicherungsfeld.de\/?page_id=746"},"modified":"2023-07-24T14:48:16","modified_gmt":"2023-07-24T14:48:16","slug":"schutz-paket-fuer-auslaendische-gaeste","status":"publish","type":"page","link":"https:\/\/versicherungsfeld.de\/?page_id=746","title":{"rendered":"Schutz-Paket f\u00fcr Ausl\u00e4ndische G\u00e4ste"},"content":{"rendered":"\n<iframe src=\"https:\/\/secure.hmrv.de\/rvw-ba\/initBa.jsp?baid=280&amp;adnr=2417681&amp;locale=de_DE\" width=\"100%\" height=\"3000\" frameborder=\"0\"><\/iframe>\n","protected":false},"excerpt":{"rendered":"","protected":false},"author":1,"featured_media":0,"parent":0,"menu_order":0,"comment_status":"closed","ping_status":"closed","template":"","meta":{"footnotes":""},"class_list":["post-746","page","type-page","status-publish","hentry"],"blocksy_meta":{"page_structure_type":"type-2"},"_links":{"self":[{"href":"https:\/\/versicherungsfeld.de\/index.php?rest_route=\/wp\/v2\/pages\/746"}],"collection":[{"href":"https:\/\/versicherungsfeld.de\/index.php?rest_route=\/wp\/v2\/pages"}],"about":[{"href":"https:\/\/versicherungsfeld.de\/index.php?rest_route=\/wp\/v2\/types\/page"}],"author":[{"embeddable":true,"href":"https:\/\/versicherungsfeld.de\/index.php?rest_route=\/wp\/v2\/users\/1"}],"replies":[{"embeddable":true,"href":"https:\/\/versicherungsfeld.de\/index.php?rest_route=%2Fwp%2Fv2%2Fcomments&post=746"}],"version-history":[{"count":2,"href":"https:\/\/versicherungsfeld.de\/index.php?rest_route=\/wp\/v2\/pages\/746\/revisions"}],"predecessor-version":[{"id":749,"href":"https:\/\/versicherungsfeld.de\/index.php?rest_route=\/wp\/v2\/pages\/746\/revisions\/749"}],"wp:attachment":[{"href":"https:\/\/versicherungsfeld.de\/index.php?rest_route=%2Fwp%2Fv2%2Fmedia&parent=746"}],"curies":[{"name":"wp","href":"https:\/\/api.w.org\/{rel}","templated":true}]}}